{"id":23,"date":"2017-07-12T14:02:53","date_gmt":"2017-07-12T12:02:53","guid":{"rendered":"http:\/\/slamsoft-corp.com\/?page_id=23"},"modified":"2018-06-12T15:48:29","modified_gmt":"2018-06-12T13:48:29","slug":"tube-daccueil","status":"publish","type":"page","link":"https:\/\/slamsoft-corp.com\/index.php\/tube-daccueil\/","title":{"rendered":"Tube d&rsquo;accueil"},"content":{"rendered":"<div class=\"entry-content\">\n<h4>La slamsOft Corp.<\/h4>\n<p>&nbsp;<\/p>\n<\/div>\n<p><img loading=\"lazy\" class=\"alignnone size-medium wp-image-198 alignleft\" src=\"http:\/\/slamsoft-corp.com\/wp-content\/uploads\/2017\/07\/avatar-egg-Marty-HD-270x300.png\" alt=\"\" width=\"270\" height=\"300\" srcset=\"https:\/\/slamsoft-corp.com\/wp-content\/uploads\/2017\/07\/avatar-egg-Marty-HD-270x300.png 270w, https:\/\/slamsoft-corp.com\/wp-content\/uploads\/2017\/07\/avatar-egg-Marty-HD-768x854.png 768w, https:\/\/slamsoft-corp.com\/wp-content\/uploads\/2017\/07\/avatar-egg-Marty-HD-830x923.png 830w, https:\/\/slamsoft-corp.com\/wp-content\/uploads\/2017\/07\/avatar-egg-Marty-HD-230x256.png 230w, https:\/\/slamsoft-corp.com\/wp-content\/uploads\/2017\/07\/avatar-egg-Marty-HD-350x389.png 350w, https:\/\/slamsoft-corp.com\/wp-content\/uploads\/2017\/07\/avatar-egg-Marty-HD-480x534.png 480w, https:\/\/slamsoft-corp.com\/wp-content\/uploads\/2017\/07\/avatar-egg-Marty-HD.png 856w\" sizes=\"(max-width: 270px) 100vw, 270px\" \/><\/p>\n<p>Bienvenue cher visiteur,<br \/>\nJe me pr\u00e9sente, je me nome <strong>Manu Egg<\/strong>.<br \/>\nJe suis employ\u00e9 par la tr\u00e8s respectable soci\u00e9t\u00e9 <span style=\"color: #d65050;\">slamsOft Corp.<\/span> et je suis charg\u00e9, en collaboration avec toute mon \u00e9quipe d&rsquo;<strong>ouvri&rsquo;Eggs<\/strong>, d&rsquo;assurer la communication de notre entreprise.<\/p>\n<p>A cet effet, et afin de vous pr\u00e9senter toutes les facettes de la <span style=\"color: #d65050;\">slamsOft Corp.<\/span>, nous avons cr\u00e9\u00e9 dans le menu, un ensemble de Tubes qui devraient vous permettre d&rsquo;acc\u00e9der aux diff\u00e9rents p\u00f4les qui constituent l&rsquo;architecture de notre soci\u00e9t\u00e9. Ceux-ci vont vous permettre de vous familiariser avec les lieux et de mieux connaitre notre entreprise.<\/p>\n<p>Pour acc\u00e9der \u00e0 ces Tubes et vous d\u00e9placer dans nos locaux, vous devrez passer par le menu en haut \u00e0 droite. Choisissez l&rsquo;entr\u00e9e de votre Tube, cliquez sur l&rsquo;un d&rsquo;entre eux, attendez l&rsquo;aspiration, puis laissez vous glisser jusqu&rsquo;\u00e0 votre destination. Vous serez rapidement et confortablement conduit \u00e0 l&rsquo;endroit de votre choix. Nos Tubes de transport sont tr\u00e8s fiables et ne sont que l&rsquo;un des tr\u00e8s nombreux produits fabriqu\u00e9 par la <span style=\"color: #d65050;\">slamsOft Corp.<\/span><\/p>\n<p>Mais avant d&rsquo;aller plus loin et de commencer \u00e0 Tuber, laissez moi vous pr\u00e9senter rapidement qui nous sommes.<\/p>\n<h5>\u00a0<img loading=\"lazy\" class=\"alignnone size-full wp-image-18\" src=\"http:\/\/slamsoft-corp.com\/wp-content\/uploads\/2017\/07\/cropped-tube3.jpg\" alt=\"\" width=\"1920\" height=\"1080\" srcset=\"https:\/\/slamsoft-corp.com\/wp-content\/uploads\/2017\/07\/cropped-tube3.jpg 1920w, https:\/\/slamsoft-corp.com\/wp-content\/uploads\/2017\/07\/cropped-tube3-300x169.jpg 300w, https:\/\/slamsoft-corp.com\/wp-content\/uploads\/2017\/07\/cropped-tube3-768x432.jpg 768w, https:\/\/slamsoft-corp.com\/wp-content\/uploads\/2017\/07\/cropped-tube3-1024x576.jpg 1024w, https:\/\/slamsoft-corp.com\/wp-content\/uploads\/2017\/07\/cropped-tube3-830x467.jpg 830w, https:\/\/slamsoft-corp.com\/wp-content\/uploads\/2017\/07\/cropped-tube3-230x129.jpg 230w, https:\/\/slamsoft-corp.com\/wp-content\/uploads\/2017\/07\/cropped-tube3-350x197.jpg 350w, https:\/\/slamsoft-corp.com\/wp-content\/uploads\/2017\/07\/cropped-tube3-480x270.jpg 480w\" sizes=\"(max-width: 1920px) 100vw, 1920px\" \/><\/h5>\n<h4>Des Eggs et des Tubes<\/h4>\n<p>Cette entreprise de services technologiques a \u00e9t\u00e9 fond\u00e9e en 1975\u00a0\u00e0 Egg City dans la Scramble\u00a0Valley. Elle a ax\u00e9 son d\u00e9veloppement sur la construction de Tubes aux fonctions\u00a0aussi diverses que vari\u00e9es et compte des millions d\u2019<strong>employ&rsquo;Eggs<\/strong>.<\/p>\n<p>Chez\u00a0<span style=\"color: #d65050;\">slamsOft Corp.<\/span>\u00a0 tout a \u00e9t\u00e9 pens\u00e9 pour que les<strong> employ&rsquo;Eggs<\/strong> travaillent dans les meilleures conditions possibles pendant au moins 20H d&rsquo;affiler quotidiennement. Une ambiance d\u00e9contract\u00e9e et ludique avec pour objectif d&rsquo;accorder\u00a0<i class=\"i-cite\">\u00ab\u00a080% de temps libre aux ing\u00e9nieurs\u00a0\u00bb<\/i>\u00a0sur leur temps de sommeil, afin qu&rsquo;ils puissent d\u00e9velopper des projets et des id\u00e9es innovantes, dont la <span style=\"color: #d65050;\">slamsOft Corp.<\/span> r\u00e9cup\u00e9rera bien-sur l&rsquo;int\u00e9gralit\u00e9 des brevets, licences et droits.<\/p>\n<p>Le \u201c<em>Tube d\u2019\u00e9vacuation\u201d<\/em>,<em>\u00a0le \u201cspaciaux-Tube\u201d<\/em>, le \u201c<em>Tube de contr\u00f4le\u201d<\/em>, le \u201c<em>Tube d\u2019hyper-v\u00e9locit\u00e9\u201d<\/em>, l&rsquo;\u201d<em>aqua-Tube\u201d<\/em> et le fameux \u201c<em>Tube quantique\u201d<\/em>, ne sont qu\u2019une infime partie des nombreux Tubes aux propri\u00e9t\u00e9s \u00e9tonnantes que propose\u00a0la <span style=\"color: #d65050;\">slamsOft Corp.<\/span><\/p>\n<p>Concurrenc\u00e9 historiquement par <em>\u201c<img loading=\"lazy\" class=\"alignnone wp-image-227\" src=\"http:\/\/slamsoft-corp.com\/wp-content\/uploads\/2017\/07\/Alta-Vistube-300x121.png\" alt=\"\" width=\"92\" height=\"37\" align=\"top\" srcset=\"https:\/\/slamsoft-corp.com\/wp-content\/uploads\/2017\/07\/Alta-Vistube-300x121.png 300w, https:\/\/slamsoft-corp.com\/wp-content\/uploads\/2017\/07\/Alta-Vistube-230x93.png 230w, https:\/\/slamsoft-corp.com\/wp-content\/uploads\/2017\/07\/Alta-Vistube-350x141.png 350w, https:\/\/slamsoft-corp.com\/wp-content\/uploads\/2017\/07\/Alta-Vistube-480x194.png 480w, https:\/\/slamsoft-corp.com\/wp-content\/uploads\/2017\/07\/Alta-Vistube.png 715w\" sizes=\"(max-width: 92px) 100vw, 92px\" \/>\u201d<\/em> puis par <em>\u201c<img loading=\"lazy\" class=\"alignnone wp-image-229\" src=\"http:\/\/slamsoft-corp.com\/wp-content\/uploads\/2017\/07\/Yahegg-petit-300x46.png\" alt=\"\" width=\"150\" height=\"23\" align=\"middle\" srcset=\"https:\/\/slamsoft-corp.com\/wp-content\/uploads\/2017\/07\/Yahegg-petit-300x46.png 300w, https:\/\/slamsoft-corp.com\/wp-content\/uploads\/2017\/07\/Yahegg-petit-230x35.png 230w, https:\/\/slamsoft-corp.com\/wp-content\/uploads\/2017\/07\/Yahegg-petit-350x54.png 350w, https:\/\/slamsoft-corp.com\/wp-content\/uploads\/2017\/07\/Yahegg-petit-480x74.png 480w, https:\/\/slamsoft-corp.com\/wp-content\/uploads\/2017\/07\/Yahegg-petit.png 648w\" sizes=\"(max-width: 150px) 100vw, 150px\" \/>\u201d,<\/em>\u00a0elle a ensuite proc\u00e9d\u00e9 \u00e0 de nombreuses acquisitions et d\u00e9veloppements et d\u00e9tient aujourd\u2019hui le monopole des Tubes les plus notables parmi lesquels <em>\u201c<img loading=\"lazy\" class=\"alignnone size-full wp-image-222\" src=\"http:\/\/slamsoft-corp.com\/wp-content\/uploads\/2017\/07\/my-tube-petit.png\" alt=\"\" width=\"75\" height=\"32\" align=\"middle\" \/>\u201d<\/em>, ainsi que le Tube\u00a0d\u2019exploitation <em>\u201c<img loading=\"lazy\" class=\"alignnone wp-image-224\" src=\"http:\/\/slamsoft-corp.com\/wp-content\/uploads\/2017\/07\/androegg-petit-300x93.png\" alt=\"\" width=\"139\" height=\"43\" align=\"middle\" srcset=\"https:\/\/slamsoft-corp.com\/wp-content\/uploads\/2017\/07\/androegg-petit-300x93.png 300w, https:\/\/slamsoft-corp.com\/wp-content\/uploads\/2017\/07\/androegg-petit-230x71.png 230w, https:\/\/slamsoft-corp.com\/wp-content\/uploads\/2017\/07\/androegg-petit.png 323w\" sizes=\"(max-width: 139px) 100vw, 139px\" \/>\u201d<\/em>.<\/p>\n<p>Tout nos Tubes sont libres d&rsquo;acc\u00e8s et parfaitement gratuit. Chacun peut trouver ici ce dont il a besoin.<\/p>\n<p>Vous vous sentez seul? D\u00e9couvrez notre Tube de compagnie 3.1 \u00e0 r\u00e9alit\u00e9 de pr\u00e9sence augment\u00e9e.<\/p>\n<p>Votre enfant a peur du noir? Recevez gratuitement notre Tube veilleuse sans paraben sous 2mn via nos Tubes de livraisons.<\/p>\n<p>M\u00eame chose si vous n&rsquo;avez plus de p\u00e2te dentaire, recevez notre dernier Tube dentifrice quasiment instantan\u00e9ment dans votre Tube de salle de bain.<\/p>\n<p>Pour b\u00e9n\u00e9ficiez de nos services, rien de plus simple, il suffit d&rsquo;accepter nos conditions g\u00e9n\u00e9rales en validant le formulaire de 4592 pages, et accepter de devenir un produit plus rentable que ceux que vous aller recevoir en \u00e9change de cette signature.<\/p>\n<p>De grandes entreprises concurrentes comme <img loading=\"lazy\" class=\"alignnone wp-image-295\" src=\"http:\/\/slamsoft-corp.com\/wp-content\/uploads\/2017\/07\/geggle.jpg\" alt=\"\" width=\"98\" height=\"35\" align=\"middle\" srcset=\"https:\/\/slamsoft-corp.com\/wp-content\/uploads\/2017\/07\/geggle.jpg 295w, https:\/\/slamsoft-corp.com\/wp-content\/uploads\/2017\/07\/geggle-230x82.jpg 230w\" sizes=\"(max-width: 98px) 100vw, 98px\" \/>\u00a0,tentent de contr\u00f4ler tant bien que mal la qualit\u00e9 des contenus d\u00e9mat\u00e9rialis\u00e9s au nom de la qualit\u00e9 comme principe supr\u00eame, ce comportant ainsi comme un \u00e9tat g\u00e9ant. Avec la <span style=\"color: #d65050;\">slamsOft Corp.<\/span> nous franchissons ce cap pour \u00e9tendre notre contr\u00f4le sur l&rsquo;ensemble des contenus mat\u00e9riels et immat\u00e9riels.<br \/>\nAvec nos Tubes, nous sommes partout et dans tout!<\/p>\n<p>Dirig\u00e9e par le myst\u00e9rieux <strong>Egg master<\/strong>, la <span style=\"color: #d65050;\">slamsOft Corp.<\/span> est une entreprise tr\u00e8s hi\u00e9rarchis\u00e9e avec une structure pyramidale tr\u00e8s classique.<\/p>\n<p><img loading=\"lazy\" class=\"alignnone wp-image-218\" src=\"http:\/\/slamsoft-corp.com\/wp-content\/uploads\/2017\/07\/egg-master-HD3-300x153.jpg\" alt=\"\" width=\"1392\" height=\"710\" srcset=\"https:\/\/slamsoft-corp.com\/wp-content\/uploads\/2017\/07\/egg-master-HD3-300x153.jpg 300w, https:\/\/slamsoft-corp.com\/wp-content\/uploads\/2017\/07\/egg-master-HD3-1024x521.jpg 1024w, https:\/\/slamsoft-corp.com\/wp-content\/uploads\/2017\/07\/egg-master-HD3-830x422.jpg 830w, https:\/\/slamsoft-corp.com\/wp-content\/uploads\/2017\/07\/egg-master-HD3-230x117.jpg 230w, https:\/\/slamsoft-corp.com\/wp-content\/uploads\/2017\/07\/egg-master-HD3-350x178.jpg 350w, https:\/\/slamsoft-corp.com\/wp-content\/uploads\/2017\/07\/egg-master-HD3-480x244.jpg 480w\" sizes=\"(max-width: 1392px) 100vw, 1392px\" \/><\/p>\n<p>La progression hi\u00e9rarchique, n&rsquo;est pas d\u00e9termin\u00e9e par vos comp\u00e9tences professionnelles, mais par la capacit\u00e9 que vous avez \u00e0 occulter l&#8217;empathie envers votre prochain et \u00e0 \u00e9craser vos coll\u00e8gues en hurlant dessus. Les tyranniques prennent du pouvoir et forcent les plus comp\u00e9tents dans leur domaine \u00e0 bosser d&rsquo;avantage. Logique non? \ud83d\ude09<\/p>\n<p>Il est \u00e0 pr\u00e9sent temps pour nous de commencer la visite de la <span style=\"color: #d65050;\">slamsOft Corp.<\/span>, alors Tubez !<\/p>\n<h6><\/h6>\n<h6>Bonne visite!<\/h6>\n<p>&nbsp;<\/p>\n","protected":false},"excerpt":{"rendered":"<p>La slamsOft Corp. &nbsp; Bienvenue cher visiteur, Je me pr\u00e9sente, je me [&hellip;]<\/p>\n","protected":false},"author":1,"featured_media":0,"parent":0,"menu_order":0,"comment_status":"closed","ping_status":"closed","template":"","meta":{"_mi_skip_tracking":false},"yoast_head":"<!-- This site is optimized with the Yoast SEO plugin v19.3 - https:\/\/yoast.com\/wordpress\/plugins\/seo\/ -->\n<title>Tube d&#039;accueil - slamsOft Corp.<\/title>\n<meta name=\"robots\" content=\"index, follow, max-snippet:-1, max-image-preview:large, max-video-preview:-1\" \/>\n<link rel=\"canonical\" href=\"https:\/\/slamsoft-corp.com\/index.php\/tube-daccueil\/\" \/>\n<meta property=\"og:locale\" content=\"fr_FR\" \/>\n<meta property=\"og:type\" content=\"article\" \/>\n<meta property=\"og:title\" content=\"Tube d&#039;accueil - slamsOft Corp.\" \/>\n<meta property=\"og:description\" content=\"La slamsOft Corp. &nbsp; Bienvenue cher visiteur, Je me pr\u00e9sente, je me [&hellip;]\" \/>\n<meta property=\"og:url\" content=\"https:\/\/slamsoft-corp.com\/index.php\/tube-daccueil\/\" \/>\n<meta property=\"og:site_name\" content=\"slamsOft Corp.\" \/>\n<meta property=\"article:publisher\" content=\"https:\/\/www.facebook.com\/EggManu\/\" \/>\n<meta property=\"article:modified_time\" content=\"2018-06-12T13:48:29+00:00\" \/>\n<meta property=\"og:image\" content=\"http:\/\/slamsoft-corp.com\/wp-content\/uploads\/2017\/07\/avatar-egg-Marty-HD-270x300.png\" \/>\n<meta name=\"twitter:card\" content=\"summary_large_image\" \/>\n<meta name=\"twitter:site\" content=\"@EggMarty\" \/>\n<meta name=\"twitter:label1\" content=\"Dur\u00e9e de lecture estim\u00e9e\" \/>\n\t<meta name=\"twitter:data1\" content=\"3 minutes\" \/>\n<script type=\"application\/ld+json\" class=\"yoast-schema-graph\">{\"@context\":\"https:\/\/schema.org\",\"@graph\":[{\"@type\":\"WebSite\",\"@id\":\"https:\/\/slamsoft-corp.com\/#website\",\"url\":\"https:\/\/slamsoft-corp.com\/\",\"name\":\"slamsOft Corp.\",\"description\":\"Tube craft\",\"potentialAction\":[{\"@type\":\"SearchAction\",\"target\":{\"@type\":\"EntryPoint\",\"urlTemplate\":\"https:\/\/slamsoft-corp.com\/?s={search_term_string}\"},\"query-input\":\"required name=search_term_string\"}],\"inLanguage\":\"fr-FR\"},{\"@type\":\"ImageObject\",\"inLanguage\":\"fr-FR\",\"@id\":\"https:\/\/slamsoft-corp.com\/index.php\/tube-daccueil\/#primaryimage\",\"url\":\"https:\/\/slamsoft-corp.com\/wp-content\/uploads\/2017\/07\/avatar-egg-Marty-HD.png\",\"contentUrl\":\"https:\/\/slamsoft-corp.com\/wp-content\/uploads\/2017\/07\/avatar-egg-Marty-HD.png\",\"width\":856,\"height\":952},{\"@type\":\"WebPage\",\"@id\":\"https:\/\/slamsoft-corp.com\/index.php\/tube-daccueil\/\",\"url\":\"https:\/\/slamsoft-corp.com\/index.php\/tube-daccueil\/\",\"name\":\"Tube d'accueil - slamsOft Corp.\",\"isPartOf\":{\"@id\":\"https:\/\/slamsoft-corp.com\/#website\"},\"primaryImageOfPage\":{\"@id\":\"https:\/\/slamsoft-corp.com\/index.php\/tube-daccueil\/#primaryimage\"},\"datePublished\":\"2017-07-12T12:02:53+00:00\",\"dateModified\":\"2018-06-12T13:48:29+00:00\",\"breadcrumb\":{\"@id\":\"https:\/\/slamsoft-corp.com\/index.php\/tube-daccueil\/#breadcrumb\"},\"inLanguage\":\"fr-FR\",\"potentialAction\":[{\"@type\":\"ReadAction\",\"target\":[\"https:\/\/slamsoft-corp.com\/index.php\/tube-daccueil\/\"]}]},{\"@type\":\"BreadcrumbList\",\"@id\":\"https:\/\/slamsoft-corp.com\/index.php\/tube-daccueil\/#breadcrumb\",\"itemListElement\":[{\"@type\":\"ListItem\",\"position\":1,\"name\":\"Accueil\",\"item\":\"https:\/\/slamsoft-corp.com\/\"},{\"@type\":\"ListItem\",\"position\":2,\"name\":\"Tube d&rsquo;accueil\"}]}]}<\/script>\n<!-- \/ Yoast SEO plugin. -->","yoast_head_json":{"title":"Tube d'accueil - slamsOft Corp.","robots":{"index":"index","follow":"follow","max-snippet":"max-snippet:-1","max-image-preview":"max-image-preview:large","max-video-preview":"max-video-preview:-1"},"canonical":"https:\/\/slamsoft-corp.com\/index.php\/tube-daccueil\/","og_locale":"fr_FR","og_type":"article","og_title":"Tube d'accueil - slamsOft Corp.","og_description":"La slamsOft Corp. &nbsp; Bienvenue cher visiteur, Je me pr\u00e9sente, je me [&hellip;]","og_url":"https:\/\/slamsoft-corp.com\/index.php\/tube-daccueil\/","og_site_name":"slamsOft Corp.","article_publisher":"https:\/\/www.facebook.com\/EggManu\/","article_modified_time":"2018-06-12T13:48:29+00:00","og_image":[{"url":"http:\/\/slamsoft-corp.com\/wp-content\/uploads\/2017\/07\/avatar-egg-Marty-HD-270x300.png"}],"twitter_card":"summary_large_image","twitter_site":"@EggMarty","twitter_misc":{"Dur\u00e9e de lecture estim\u00e9e":"3 minutes"},"schema":{"@context":"https:\/\/schema.org","@graph":[{"@type":"WebSite","@id":"https:\/\/slamsoft-corp.com\/#website","url":"https:\/\/slamsoft-corp.com\/","name":"slamsOft Corp.","description":"Tube craft","potentialAction":[{"@type":"SearchAction","target":{"@type":"EntryPoint","urlTemplate":"https:\/\/slamsoft-corp.com\/?s={search_term_string}"},"query-input":"required name=search_term_string"}],"inLanguage":"fr-FR"},{"@type":"ImageObject","inLanguage":"fr-FR","@id":"https:\/\/slamsoft-corp.com\/index.php\/tube-daccueil\/#primaryimage","url":"https:\/\/slamsoft-corp.com\/wp-content\/uploads\/2017\/07\/avatar-egg-Marty-HD.png","contentUrl":"https:\/\/slamsoft-corp.com\/wp-content\/uploads\/2017\/07\/avatar-egg-Marty-HD.png","width":856,"height":952},{"@type":"WebPage","@id":"https:\/\/slamsoft-corp.com\/index.php\/tube-daccueil\/","url":"https:\/\/slamsoft-corp.com\/index.php\/tube-daccueil\/","name":"Tube d'accueil - slamsOft Corp.","isPartOf":{"@id":"https:\/\/slamsoft-corp.com\/#website"},"primaryImageOfPage":{"@id":"https:\/\/slamsoft-corp.com\/index.php\/tube-daccueil\/#primaryimage"},"datePublished":"2017-07-12T12:02:53+00:00","dateModified":"2018-06-12T13:48:29+00:00","breadcrumb":{"@id":"https:\/\/slamsoft-corp.com\/index.php\/tube-daccueil\/#breadcrumb"},"inLanguage":"fr-FR","potentialAction":[{"@type":"ReadAction","target":["https:\/\/slamsoft-corp.com\/index.php\/tube-daccueil\/"]}]},{"@type":"BreadcrumbList","@id":"https:\/\/slamsoft-corp.com\/index.php\/tube-daccueil\/#breadcrumb","itemListElement":[{"@type":"ListItem","position":1,"name":"Accueil","item":"https:\/\/slamsoft-corp.com\/"},{"@type":"ListItem","position":2,"name":"Tube d&rsquo;accueil"}]}]}},"_links":{"self":[{"href":"https:\/\/slamsoft-corp.com\/index.php\/wp-json\/wp\/v2\/pages\/23"}],"collection":[{"href":"https:\/\/slamsoft-corp.com\/index.php\/wp-json\/wp\/v2\/pages"}],"about":[{"href":"https:\/\/slamsoft-corp.com\/index.php\/wp-json\/wp\/v2\/types\/page"}],"author":[{"embeddable":true,"href":"https:\/\/slamsoft-corp.com\/index.php\/wp-json\/wp\/v2\/users\/1"}],"replies":[{"embeddable":true,"href":"https:\/\/slamsoft-corp.com\/index.php\/wp-json\/wp\/v2\/comments?post=23"}],"version-history":[{"count":83,"href":"https:\/\/slamsoft-corp.com\/index.php\/wp-json\/wp\/v2\/pages\/23\/revisions"}],"predecessor-version":[{"id":1796,"href":"https:\/\/slamsoft-corp.com\/index.php\/wp-json\/wp\/v2\/pages\/23\/revisions\/1796"}],"wp:attachment":[{"href":"https:\/\/slamsoft-corp.com\/index.php\/wp-json\/wp\/v2\/media?parent=23"}],"curies":[{"name":"wp","href":"https:\/\/api.w.org\/{rel}","templated":true}]}}